{"id":1908,"date":"2022-11-08T11:12:15","date_gmt":"2022-11-08T08:12:15","guid":{"rendered":"https:\/\/rollupmaster.ee\/teenused\/"},"modified":"2026-02-02T22:44:12","modified_gmt":"2026-02-02T19:44:12","slug":"teenused","status":"publish","type":"page","link":"https:\/\/rollupmaster.ee\/et\/teenused\/","title":{"rendered":"Teenused"},"content":{"rendered":"<p>[et_pb_section fb_built=&#8221;1&#8243; _builder_version=&#8221;4.16&#8243; _module_preset=&#8221;default&#8221; custom_padding=&#8221;0px||0px||true|&#8221; global_colors_info=&#8221;{}&#8221;][et_pb_row _builder_version=&#8221;4.16&#8243; _module_preset=&#8221;default&#8221; custom_padding=&#8221;||0px|||&#8221; global_colors_info=&#8221;{}&#8221;][et_pb_column type=&#8221;4_4&#8243; _builder_version=&#8221;4.16&#8243; _module_preset=&#8221;default&#8221; global_colors_info=&#8221;{}&#8221;][et_pb_text _builder_version=&#8221;4.16&#8243; _module_preset=&#8221;default&#8221; header_3_font=&#8221;|300|||||||&#8221; header_3_font_size=&#8221;30px&#8221; global_colors_info=&#8221;{}&#8221;]<\/p>\n<h3>Kuidas me seda teeme Rollup Masteris?<\/h3>\n<p>[\/et_pb_text][et_pb_text _builder_version=&#8221;4.27.5&#8243; _module_preset=&#8221;default&#8221; text_font=&#8221;|300|||||||&#8221; text_font_size=&#8221;14px&#8221; text_line_height=&#8221;1.6em&#8221; global_colors_info=&#8221;{}&#8221;]<\/p>\n<h3 data-start=\"166\" data-end=\"197\">Lihtne. Kiire. Professionaalne.<\/h3>\n<p><\/p>\n<p data-start=\"37\" data-end=\"157\">Meie kogenud meeskond toetab teie br\u00e4ndi kvaliteetsete roll-up stendidega, mis esitavad teie s\u00f5numi selgelt ja m\u00f5jusalt.<\/p>\n<p><\/p>\n<p data-start=\"159\" data-end=\"346\">Tellimise mugavaks ja lihtsaks tegemiseks pakume kohaletoimetamist <strong data-start=\"226\" data-end=\"257\">Tallinnas ja selle \u00fcmbruses<\/strong>, samuti <strong data-start=\"266\" data-end=\"296\">k\u00f5ikidesse EL-i riikidesse<\/strong> \u2014 isegi siis, kui tellite vaid <strong data-start=\"328\" data-end=\"345\">\u00fche roll-up\u2019i<\/strong>.<\/p>\n<p><\/p>\n<p data-start=\"348\" data-end=\"511\">Lisaks pakume <strong data-start=\"362\" data-end=\"396\">personaalseid disainilahendusi<\/strong>, luues roll-up kontseptsioone, mis sobituvad teie ettev\u00f5tte visuaalse identiteediga ja tugevdavad teie \u00e4ris\u00f5numit.<\/p>\n<p><\/p>\n<p data-start=\"513\" data-end=\"677\" data-is-last-node=\"\" data-is-only-node=\"\">Vajate kiiresti? Kiirtellimuste puhul valmib tootmine <strong data-start=\"567\" data-end=\"603\">24 tunni jooksul ilma lisatasuta<\/strong>.<br data-start=\"604\" data-end=\"607\" \/>Seet\u00f5ttu on meie teenus kvaliteetne ning hinnad konkurentsiv\u00f5imelised.<\/p>\n<p>[\/et_pb_text][\/et_pb_column][\/et_pb_row][\/et_pb_section][et_pb_section fb_built=&#8221;1&#8243; _builder_version=&#8221;4.16&#8243; _module_preset=&#8221;default&#8221; custom_padding=&#8221;0px||0px||true|&#8221; global_colors_info=&#8221;{}&#8221;][et_pb_row column_structure=&#8221;1_2,1_2&#8243; use_custom_gutter=&#8221;on&#8221; gutter_width=&#8221;1&#8243; make_equal=&#8221;on&#8221; module_id=&#8221;wwd-boxes&#8221; _builder_version=&#8221;4.27.5&#8243; _module_preset=&#8221;default&#8221; custom_padding=&#8221;0px||0px|||&#8221; hover_enabled=&#8221;0&#8243; global_colors_info=&#8221;{}&#8221; custom_margin=&#8221;50px||||false|false&#8221; sticky_enabled=&#8221;0&#8243;][et_pb_column type=&#8221;1_2&#8243; _builder_version=&#8221;4.16&#8243; _module_preset=&#8221;default&#8221; background_color=&#8221;#032b35&#8243; global_colors_info=&#8221;{}&#8221;][et_pb_text _builder_version=&#8221;4.16&#8243; _module_preset=&#8221;default&#8221; text_font=&#8221;|300|||||||&#8221; text_text_color=&#8221;#FFFFFF&#8221; text_font_size=&#8221;14px&#8221; link_font=&#8221;|600||on|||||&#8221; link_text_color=&#8221;#FFFFFF&#8221; link_font_size=&#8221;11px&#8221; header_3_text_color=&#8221;#FFFFFF&#8221; custom_padding=&#8221;35px|50px||50px|false|true&#8221; global_colors_info=&#8221;{}&#8221;]<\/p>\n<h3><img decoding=\"async\" src=\"https:\/\/rollupmaster.parallel-ideas.ee\/wp-content\/uploads\/2021\/02\/Group-116_.svg\" width=\"125\" \/> <\/p>\n<p>Roll-Up stendid<\/h3>\n<p>[\/et_pb_text][et_pb_text _builder_version=&#8221;4.27.5&#8243; _module_preset=&#8221;default&#8221; text_font=&#8221;|300|||||||&#8221; text_text_color=&#8221;#FFFFFF&#8221; text_font_size=&#8221;14px&#8221; link_font=&#8221;|600||on|||||&#8221; link_text_color=&#8221;#FFFFFF&#8221; link_font_size=&#8221;11px&#8221; header_3_text_color=&#8221;#FFFFFF&#8221; custom_margin=&#8221;0px||0px||true|false&#8221; custom_padding=&#8221;0px|50px|35px|50px|false|true&#8221; global_colors_info=&#8221;{}&#8221;]<\/p>\n<p>Roll-Up Master pakub laia valikut stendit\u00fc\u00fcpe ja suurusi, mis sobivad teie ettev\u00f5ttele v\u00f5i isegi vajadustele<\/p>\n<p><\/p>\n<p><a href=\"\/roll-up-catalog\/?wpf=wpf_5fbbd1dbd8b2e&amp;wpf_cols=3&amp;wpf_pa_stand-type=roll-up-standard%2Croll-up-double%2Croll-up-lux%2Cx-banner\">TELLI ROLL-UP<\/a><\/p>\n<p>[\/et_pb_text][\/et_pb_column][et_pb_column type=&#8221;1_2&#8243; _builder_version=&#8221;4.16&#8243; _module_preset=&#8221;default&#8221; background_color=&#8221;#c5310d&#8221; global_colors_info=&#8221;{}&#8221;][et_pb_text _builder_version=&#8221;4.16&#8243; _module_preset=&#8221;default&#8221; text_font=&#8221;|300|||||||&#8221; text_text_color=&#8221;#FFFFFF&#8221; text_font_size=&#8221;14px&#8221; link_font=&#8221;|600||on|||||&#8221; link_text_color=&#8221;#FFFFFF&#8221; link_font_size=&#8221;11px&#8221; header_3_text_color=&#8221;#FFFFFF&#8221; custom_padding=&#8221;35px|50px||50px|false|true&#8221; global_colors_info=&#8221;{}&#8221;]<\/p>\n<h3><img decoding=\"async\" src=\"https:\/\/rollupmaster.parallel-ideas.ee\/wp-content\/uploads\/2021\/02\/Group-106_.svg\" width=\"125\" \/> <\/p>\n<p>Roll-Up stendi kujundus<\/h3>\n<p>[\/et_pb_text][et_pb_text _builder_version=&#8221;4.27.5&#8243; _module_preset=&#8221;default&#8221; text_font=&#8221;|300|||||||&#8221; text_text_color=&#8221;#FFFFFF&#8221; text_font_size=&#8221;14px&#8221; link_font=&#8221;|600||on|||||&#8221; link_text_color=&#8221;#FFFFFF&#8221; link_font_size=&#8221;11px&#8221; header_3_text_color=&#8221;#FFFFFF&#8221; custom_margin=&#8221;0px||0px||true|false&#8221; custom_padding=&#8221;0px|50px|35px|50px|false|true&#8221; global_colors_info=&#8221;{}&#8221;]<\/p>\n<p>Roll-Up Masteri eesm\u00e4rk on kujundada teie Roll Up v\u00f5i X-Banner visuaali jaoks loominguline ja professionaalne disainikontseptsioon.<\/p>\n<p><\/p>\n<p><a href=\"\/roll-up-catalog\/?wpf=wpf_5fbbd1dbd8b2e&amp;wpf_cols=3&amp;wpf_design-services=basic-design-service%2Ccorporate-design-service%2Cfile-preparing\">Telli roll-up disain<\/a><\/p>\n<p>[\/et_pb_text][\/et_pb_column][\/et_pb_row][et_pb_row column_structure=&#8221;1_2,1_2&#8243; use_custom_gutter=&#8221;on&#8221; gutter_width=&#8221;1&#8243; make_equal=&#8221;on&#8221; module_id=&#8221;wwd-boxes&#8221; _builder_version=&#8221;4.16&#8243; _module_preset=&#8221;default&#8221; custom_padding=&#8221;0px||0px|||&#8221; global_colors_info=&#8221;{}&#8221;][et_pb_column type=&#8221;1_2&#8243; _builder_version=&#8221;4.16&#8243; _module_preset=&#8221;default&#8221; background_color=&#8221;#c5310d&#8221; global_colors_info=&#8221;{}&#8221;][et_pb_text _builder_version=&#8221;4.16&#8243; _module_preset=&#8221;default&#8221; text_font=&#8221;|300|||||||&#8221; text_text_color=&#8221;#FFFFFF&#8221; text_font_size=&#8221;14px&#8221; link_font=&#8221;|600||on|||||&#8221; link_text_color=&#8221;#FFFFFF&#8221; link_font_size=&#8221;11px&#8221; header_3_text_color=&#8221;#FFFFFF&#8221; custom_padding=&#8221;35px|50px||50px|false|true&#8221; global_colors_info=&#8221;{}&#8221;]<\/p>\n<h3><img decoding=\"async\" src=\"https:\/\/rollupmaster.parallel-ideas.ee\/wp-content\/uploads\/2021\/02\/Group-109.svg\" width=\"125\" \/> <\/p>\n<p>Faili uuendamine<\/h3>\n<p>[\/et_pb_text][et_pb_text _builder_version=&#8221;4.22.1&#8243; _module_preset=&#8221;default&#8221; text_font=&#8221;|300|||||||&#8221; text_text_color=&#8221;#FFFFFF&#8221; text_font_size=&#8221;14px&#8221; link_font=&#8221;|600||on|||||&#8221; link_text_color=&#8221;#FFFFFF&#8221; link_font_size=&#8221;11px&#8221; header_3_text_color=&#8221;#FFFFFF&#8221; min_height=&#8221;111px&#8221; custom_margin=&#8221;0px||0px||true|false&#8221; custom_padding=&#8221;0px|50px|35px|50px|false|true&#8221; global_colors_info=&#8221;{}&#8221;]<\/p>\n<p>Roll-Up Masteri eesm\u00e4rk on pakkuda teile t\u00e4ielikku valikut professionaalseid teenuseid, nii et kui teil on kujundusfail ja soovite seda v\u00e4rskendada v\u00f5i printimiseks ette valmistada, saame aidata. Lihtsalt k\u00fcsige.<\/p>\n<p><\/p>\n<p><a href=\"https:\/\/rollupmaster.ee\/et\/toode\/design-service-file-preparing\/\">Tellige faili v\u00e4rskendus<\/a><\/p>\n<p>[\/et_pb_text][\/et_pb_column][et_pb_column type=&#8221;1_2&#8243; _builder_version=&#8221;4.16&#8243; _module_preset=&#8221;default&#8221; background_color=&#8221;#032b35&#8243; global_colors_info=&#8221;{}&#8221;][et_pb_text _builder_version=&#8221;4.16&#8243; _module_preset=&#8221;default&#8221; text_font=&#8221;|300|||||||&#8221; text_text_color=&#8221;#FFFFFF&#8221; text_font_size=&#8221;14px&#8221; link_font=&#8221;|600||on|||||&#8221; link_text_color=&#8221;#FFFFFF&#8221; link_font_size=&#8221;11px&#8221; header_3_text_color=&#8221;#FFFFFF&#8221; custom_padding=&#8221;35px|50px||50px|false|true&#8221; global_colors_info=&#8221;{}&#8221;]<\/p>\n<h3><img decoding=\"async\" src=\"https:\/\/rollupmaster.parallel-ideas.ee\/wp-content\/uploads\/2021\/02\/Group-116.svg\" width=\"125\" \/> <\/p>\n<p>Ekspress Roll-Up<\/h3>\n<p>[\/et_pb_text][et_pb_text _builder_version=&#8221;4.22.1&#8243; _module_preset=&#8221;default&#8221; text_font=&#8221;|300|||||||&#8221; text_text_color=&#8221;#FFFFFF&#8221; text_font_size=&#8221;14px&#8221; link_font=&#8221;|600||on|||||&#8221; link_text_color=&#8221;#FFFFFF&#8221; link_font_size=&#8221;11px&#8221; header_3_text_color=&#8221;#FFFFFF&#8221; custom_margin=&#8221;0px||0px||true|false&#8221; custom_padding=&#8221;0px|50px|35px|50px|false|true&#8221; global_colors_info=&#8221;{}&#8221;]<\/p>\n<p>Digitaalne printimine v\u00f5imaldab kiiremat printimist, Roll-Up Masteri meeskond on p\u00fchendunud k\u00f5rgetasemelisele klienditeenindusele \u2013 nii saame t\u00f6\u00f6 tehtud esimesel v\u00f5imalusel! Lihtsalt k\u00fcsi seda.<\/p>\n<p><\/p>\n<p><a href=\"https:\/\/rollupmaster.ee\/et\/tarne\/\">Lisateave kohaletoimetamise kohta<\/a><\/p>\n<p>[\/et_pb_text][\/et_pb_column][\/et_pb_row][et_pb_row column_structure=&#8221;1_2,1_2&#8243; use_custom_gutter=&#8221;on&#8221; gutter_width=&#8221;1&#8243; make_equal=&#8221;on&#8221; module_id=&#8221;wwd-boxes&#8221; _builder_version=&#8221;4.16&#8243; _module_preset=&#8221;default&#8221; custom_padding=&#8221;0px||0px|||&#8221; global_colors_info=&#8221;{}&#8221;][et_pb_column type=&#8221;1_2&#8243; _builder_version=&#8221;4.16&#8243; _module_preset=&#8221;default&#8221; background_color=&#8221;#032b35&#8243; global_colors_info=&#8221;{}&#8221;][et_pb_text _builder_version=&#8221;4.27.5&#8243; _module_preset=&#8221;default&#8221; text_font=&#8221;|300|||||||&#8221; text_text_color=&#8221;#FFFFFF&#8221; text_font_size=&#8221;14px&#8221; link_font=&#8221;|600||on|||||&#8221; link_text_color=&#8221;#FFFFFF&#8221; link_font_size=&#8221;11px&#8221; header_3_text_color=&#8221;#FFFFFF&#8221; custom_padding=&#8221;35px|50px||50px|false|true&#8221; global_colors_info=&#8221;{}&#8221;]<\/p>\n<h3><img loading=\"lazy\" decoding=\"async\" class=\"wp-image-2154 alignnone size-medium\" src=\"https:\/\/rollupmaster.ee\/wp-content\/uploads\/2023\/01\/tallinn-300x300.png\" alt=\"\" width=\"95\" height=\"95\" \/> <\/p>\n<p>Toome Tallinnas kohale<\/h3>\n<p>[\/et_pb_text][et_pb_text _builder_version=&#8221;4.27.5&#8243; _module_preset=&#8221;default&#8221; text_font=&#8221;|300|||||||&#8221; text_text_color=&#8221;#FFFFFF&#8221; text_font_size=&#8221;14px&#8221; link_font=&#8221;|600||on|||||&#8221; link_text_color=&#8221;#FFFFFF&#8221; link_font_size=&#8221;11px&#8221; header_3_text_color=&#8221;#FFFFFF&#8221; custom_margin=&#8221;0px||0px||true|false&#8221; custom_padding=&#8221;0px|50px|35px|50px|false|true&#8221; global_colors_info=&#8221;{}&#8221;]<\/p>\n<p>Roll-Up Master toimetab teie tellimuse Tallinnas kohale j\u00e4rgmise p\u00e4eva jooksul p\u00e4rast tellimuse valmimist.<\/p>\n<p><\/p>\n<p><a href=\"https:\/\/rollupmaster.ee\/et\/tarne\/\">Lisateave kohaletoimetamise kohta<\/a><\/p>\n<p>[\/et_pb_text][\/et_pb_column][et_pb_column type=&#8221;1_2&#8243; _builder_version=&#8221;4.16&#8243; _module_preset=&#8221;default&#8221; background_color=&#8221;#c5310d&#8221; global_colors_info=&#8221;{}&#8221;][et_pb_text _builder_version=&#8221;4.27.5&#8243; _module_preset=&#8221;default&#8221; text_font=&#8221;|300|||||||&#8221; text_text_color=&#8221;#FFFFFF&#8221; text_font_size=&#8221;14px&#8221; link_font=&#8221;|600||on|||||&#8221; link_text_color=&#8221;#FFFFFF&#8221; link_font_size=&#8221;11px&#8221; header_3_text_color=&#8221;#FFFFFF&#8221; custom_padding=&#8221;35px|50px||50px|false|true&#8221; global_colors_info=&#8221;{}&#8221;]<\/p>\n<h3><img loading=\"lazy\" decoding=\"async\" class=\"wp-image-2157 alignnone size-medium\" src=\"https:\/\/rollupmaster.ee\/wp-content\/uploads\/2023\/01\/EU-300x203.png\" alt=\"\" width=\"128\" height=\"86\" \/> <\/p>\n<p>Tarnime k\u00f5ikjal Euroopa Liidus<\/h3>\n<p>[\/et_pb_text][et_pb_text _builder_version=&#8221;4.22.1&#8243; _module_preset=&#8221;default&#8221; text_font=&#8221;|300|||||||&#8221; text_text_color=&#8221;#FFFFFF&#8221; text_font_size=&#8221;14px&#8221; link_font=&#8221;|600||on|||||&#8221; link_text_color=&#8221;#FFFFFF&#8221; link_font_size=&#8221;11px&#8221; header_3_text_color=&#8221;#FFFFFF&#8221; custom_margin=&#8221;0px||0px||true|false&#8221; custom_padding=&#8221;0px|50px|35px|50px|false|true&#8221; global_colors_info=&#8221;{}&#8221;]<\/p>\n<p>Roll-Up Master toimetab teie tellimuse meie partneri DPD, DHL ja Cargo bussiga k\u00f5ikjale Euroopa Liitu.<\/p>\n<p><\/p>\n<p><a href=\"https:\/\/rollupmaster.ee\/et\/tarne\/\">Lisateave kohaletoimetamise kohta<\/a><\/p>\n<p>[\/et_pb_text][\/et_pb_column][\/et_pb_row][\/et_pb_section]<\/p>\n","protected":false},"excerpt":{"rendered":"<p>Kuidas me seda teeme Rollup Masteris?Lihtne. Kiire. Professionaalne.Meie kogenud meeskond toetab teie br\u00e4ndi kvaliteetsete roll-up stendidega, mis esitavad teie s\u00f5numi selgelt ja m\u00f5jusalt.Tellimise mugavaks ja lihtsaks tegemiseks pakume kohaletoimetamist Tallinnas ja selle \u00fcmbruses, samuti k\u00f5ikidesse EL-i riikidesse \u2014 isegi siis, kui tellite vaid \u00fche roll-up\u2019i.Lisaks pakume personaalseid disainilahendusi, luues roll-up kontseptsioone, mis sobituvad teie ettev\u00f5tte [&hellip;]<\/p>\n","protected":false},"author":2,"featured_media":0,"parent":0,"menu_order":0,"comment_status":"closed","ping_status":"open","template":"","meta":{"_et_pb_use_builder":"on","_et_pb_old_content":"","_et_gb_content_width":"","inline_featured_image":false,"footnotes":""},"class_list":["post-1908","page","type-page","status-publish","hentry"],"aioseo_notices":[],"_links":{"self":[{"href":"https:\/\/rollupmaster.ee\/et\/wp-json\/wp\/v2\/pages\/1908","targetHints":{"allow":["GET"]}}],"collection":[{"href":"https:\/\/rollupmaster.ee\/et\/wp-json\/wp\/v2\/pages"}],"about":[{"href":"https:\/\/rollupmaster.ee\/et\/wp-json\/wp\/v2\/types\/page"}],"author":[{"embeddable":true,"href":"https:\/\/rollupmaster.ee\/et\/wp-json\/wp\/v2\/users\/2"}],"replies":[{"embeddable":true,"href":"https:\/\/rollupmaster.ee\/et\/wp-json\/wp\/v2\/comments?post=1908"}],"version-history":[{"count":32,"href":"https:\/\/rollupmaster.ee\/et\/wp-json\/wp\/v2\/pages\/1908\/revisions"}],"predecessor-version":[{"id":31346,"href":"https:\/\/rollupmaster.ee\/et\/wp-json\/wp\/v2\/pages\/1908\/revisions\/31346"}],"wp:attachment":[{"href":"https:\/\/rollupmaster.ee\/et\/wp-json\/wp\/v2\/media?parent=1908"}],"curies":[{"name":"wp","href":"https:\/\/api.w.org\/{rel}","templated":true}]}}