{"id":1926,"date":"2022-11-08T11:23:52","date_gmt":"2022-11-08T08:23:52","guid":{"rendered":"https:\/\/rollupmaster.ee\/tagastus\/"},"modified":"2026-02-24T00:29:27","modified_gmt":"2026-02-23T21:29:27","slug":"tagastus","status":"publish","type":"page","link":"https:\/\/rollupmaster.ee\/et\/tagastus\/","title":{"rendered":"Tagastused"},"content":{"rendered":"<p>[et_pb_section fb_built=&#8221;1&#8243; module_id=&#8221;natural-block&#8221; _builder_version=&#8221;4.27.5&#8243; _module_preset=&#8221;default&#8221; custom_margin=&#8221;0px||0px||false|false&#8221; custom_padding=&#8221;0px||0px|||&#8221; locked=&#8221;off&#8221; global_colors_info=&#8221;{}&#8221;][et_pb_row use_custom_gutter=&#8221;on&#8221; gutter_width=&#8221;1&#8243; make_equal=&#8221;on&#8221; _builder_version=&#8221;4.27.5&#8243; _module_preset=&#8221;default&#8221; custom_margin=&#8221;25px|auto|0px|auto|false|false&#8221; custom_padding=&#8221;0px||0px|||&#8221; global_colors_info=&#8221;{}&#8221;][et_pb_column type=&#8221;4_4&#8243; _builder_version=&#8221;4.16&#8243; _module_preset=&#8221;default&#8221; global_colors_info=&#8221;{}&#8221;][et_pb_text _builder_version=&#8221;4.27.5&#8243; _module_preset=&#8221;default&#8221; header_3_font=&#8221;|300|||||||&#8221; header_3_font_size=&#8221;30px&#8221; custom_margin=&#8221;0px||0px||false|false&#8221; custom_padding=&#8221;0px||0px||false|false&#8221; global_colors_info=&#8221;{}&#8221;]<\/p>\n<h3>Tagastused v\u00f5i tellimuse t\u00fchistamine<\/h3>\n<p>[\/et_pb_text][et_pb_text _builder_version=&#8221;4.27.5&#8243; _module_preset=&#8221;default&#8221; text_font=&#8221;|300|||||||&#8221; text_text_color=&#8221;#000000&#8243; text_font_size=&#8221;14px&#8221; text_line_height=&#8221;1.6em&#8221; header_4_font_size=&#8221;25px&#8221; transform_translate=&#8221;119px|-32px&#8221; z_index=&#8221;0&#8243; custom_margin=&#8221;50px|||-115px|false|false&#8221; custom_padding=&#8221;0px|100px|0px|0px|false|false&#8221; custom_padding_tablet=&#8221;0px|100px|0px|0px|false|false&#8221; custom_padding_phone=&#8221;0px|100px|0px|0px|false|false&#8221; custom_padding_last_edited=&#8221;on|desktop&#8221; global_colors_info=&#8221;{}&#8221;]<\/p>\n<p><strong>Tellimuse t\u00fchistamine<\/strong><br \/>Tellimuse saab t\u00fchistada, kui selle staatus on \u201eT\u00f6\u00f6tlemisel\u201c ning tellimuse esitamisest ei ole m\u00f6\u00f6dunud rohkem kui 2 tundi. Kui tellimuse staatus on \u201eT\u00e4idetud\u201c, ei ole tellimust enam v\u00f5imalik t\u00fchistada.<\/p>\n<p>V\u00f5tke meiega kohe p\u00e4rast tellimuse esitamist \u00fchendust e-posti teel aadressil <a data-start=\"374\" data-end=\"394\" class=\"decorated-link cursor-pointer\" rel=\"noopener\"><strong data-start=\"372\" data-end=\"396\">info@rollupmaster.ee<\/strong><\/a> v\u00f5i telefoni teel. Palume esitada oma tellimuse number ja t\u00fchistamise p\u00f5hjus.<\/p>\n<p data-start=\"290\" data-end=\"477\">Kui tellimus on tasutud ja t\u00fchistatud etten\u00e4htud aja jooksul, tagastame makse algsele makseviisile 3\u20135 t\u00f6\u00f6p\u00e4eva jooksul. Kui roll-up\u2019i tootmine on alanud, ei ole raha tagastamine enam v\u00f5imalik.<\/p>\n<p data-start=\"479\" data-end=\"718\"><strong>Tagastused ja vahetused<\/strong><br \/>K\u00f5ik meie roll-up\u2019id valmistatakse eritellimusel ning seet\u00f5ttu <strong><span style=\"color: #d23928;\">ei ole nende tagastamine ega vahetamine v\u00f5imalik<\/span><\/strong>.<\/p>\n<p>Tagastamine v\u00f5i vahetamine on v\u00f5imalik ainult j\u00e4rgmistel juhtudel:<br \/><strong data-start=\"858\" data-end=\"924\"><\/strong><\/p>\n<ul>\n<li>Tr\u00fckivead meie poolt.<\/li>\n<li>Ehitusdefektid v\u00f5i kahjustused kohaletoimetamise ajal.<\/li>\n<\/ul>\n<p><span style=\"color: #d23928;\"><strong data-start=\"1013\" data-end=\"1027\">T\u00e4htis:<\/strong><\/span><\/p>\n<ul data-start=\"1030\" data-end=\"1968\">\n<li data-start=\"1030\" data-end=\"1182\">\n<p data-start=\"1032\" data-end=\"1182\">K\u00f5ik kujunduse paigutused peavad enne tr\u00fckkimist kliendi poolt heaks kiidetud olema. Me ei vastuta vigade ega erinevuste eest, mida klient on heaks kiitnud.<\/p>\n<\/li>\n<li data-start=\"1183\" data-end=\"1400\">\n<p data-start=\"1185\" data-end=\"1400\">V\u00e4ikesed v\u00e4rvitooni erinevused v\u00f5i visuaalsed erinevused, mis on tingitud kliendi esitatud failist v\u00f5i heaks kiidetud kujunduskontseptsioonist, ei anna \u00f5igust tagastusele ega vahetusele ning tr\u00fckkimise kordamine v\u00f5ib kaasa tuua lisatasusid.<\/p>\n<\/li>\n<li data-start=\"1401\" data-end=\"1561\">\n<p data-start=\"1403\" data-end=\"1561\">Roll-upi k\u00e4ttesaamisel peab klient kontrollima eset n\u00e4htavate defektide v\u00f5i kahjustuste suhtes. K\u00f5ik probleemid tuleb m\u00fc\u00fcjale kohe teatada.<\/p>\n<\/li>\n<li data-start=\"1562\" data-end=\"1731\">\n<p data-start=\"1564\" data-end=\"1731\">Kui tellimuse k\u00e4ttesaamisel avastatakse defekt v\u00f5i viga, peab klient sellest m\u00fc\u00fcjat teavitama 7 p\u00e4eva jooksul ning esitama probleemi kohta fotodokumentatsiooni.<\/p>\n<\/li>\n<li data-start=\"1732\" data-end=\"1856\">\n<p data-start=\"1734\" data-end=\"1856\">Tagastusi v\u00f5i vahetusi subjektiivsetel p\u00f5hjustel (nt \u201emulle ei meeldi v\u00e4rv\u201c v\u00f5i \u201eenam pole vaja\u201c) ei aktsepteerita.<\/p>\n<\/li>\n<li data-start=\"1857\" data-end=\"1968\">\n<p data-start=\"1859\" data-end=\"1968\">Kui tagastust ei p\u00f5hjustanud meie viga, on tagastuskulud kliendi kanda.<\/p>\n<\/li>\n<\/ul>\n<p><strong data-start=\"1970\" data-end=\"2011\">Kuidas alustada tagastust v\u00f5i vahetust:<br \/><\/strong><\/p>\n<ol>\n<li>Saada e-kiri aadressile <strong data-start=\"2034\" data-end=\"2058\"><a data-start=\"2036\" data-end=\"2056\" class=\"decorated-link cursor-pointer\" rel=\"noopener\">info@rollupmaster.ee<\/a><\/strong><strong data-start=\"2034\" data-end=\"2058\"><a data-start=\"2036\" data-end=\"2056\" class=\"decorated-link cursor-pointer\" rel=\"noopener\"><br \/><\/a><\/strong><\/li>\n<li>Lisage oma tellimuse number, toote seisukord, tagastuse p\u00f5hjus ning lisage fotod, kui tegemist on defektiga.<\/li>\n<li>Me vaatame teie taotluse \u00fcle ja v\u00f5tame teiega \u00fchendust, et kinnitada j\u00e4rgmised sammud.<\/li>\n<li>Enamasti pakume \u00fclevaatamise j\u00e4rel tasuta vahetust v\u00f5i tagastame makse algsele makseviisile.<\/li>\n<\/ol>\n<p>&nbsp;<\/p>\n<p><em>Tagastuspoliitika teave uuendatud 29. jaanuaril 2026.<\/em><\/p>\n<p>&nbsp;<\/p>\n<p>[\/et_pb_text][\/et_pb_column][\/et_pb_row][\/et_pb_section]<\/p>\n","protected":false},"excerpt":{"rendered":"<p>Tagastused v\u00f5i tellimuse t\u00fchistamineTellimuse t\u00fchistamineTellimuse saab t\u00fchistada, kui selle staatus on \u201eT\u00f6\u00f6tlemisel\u201c ning tellimuse esitamisest ei ole m\u00f6\u00f6dunud rohkem kui 2 tundi. Kui tellimuse staatus on \u201eT\u00e4idetud\u201c, ei ole tellimust enam v\u00f5imalik t\u00fchistada. V\u00f5tke meiega kohe p\u00e4rast tellimuse esitamist \u00fchendust e-posti teel aadressil info@rollupmaster.ee v\u00f5i telefoni teel. Palume esitada oma tellimuse number ja t\u00fchistamise p\u00f5hjus. [&hellip;]<\/p>\n","protected":false},"author":2,"featured_media":0,"parent":0,"menu_order":0,"comment_status":"closed","ping_status":"open","template":"","meta":{"_et_pb_use_builder":"on","_et_pb_old_content":"","_et_gb_content_width":"","inline_featured_image":false,"footnotes":""},"class_list":["post-1926","page","type-page","status-publish","hentry"],"aioseo_notices":[],"_links":{"self":[{"href":"https:\/\/rollupmaster.ee\/et\/wp-json\/wp\/v2\/pages\/1926","targetHints":{"allow":["GET"]}}],"collection":[{"href":"https:\/\/rollupmaster.ee\/et\/wp-json\/wp\/v2\/pages"}],"about":[{"href":"https:\/\/rollupmaster.ee\/et\/wp-json\/wp\/v2\/types\/page"}],"author":[{"embeddable":true,"href":"https:\/\/rollupmaster.ee\/et\/wp-json\/wp\/v2\/users\/2"}],"replies":[{"embeddable":true,"href":"https:\/\/rollupmaster.ee\/et\/wp-json\/wp\/v2\/comments?post=1926"}],"version-history":[{"count":17,"href":"https:\/\/rollupmaster.ee\/et\/wp-json\/wp\/v2\/pages\/1926\/revisions"}],"predecessor-version":[{"id":31680,"href":"https:\/\/rollupmaster.ee\/et\/wp-json\/wp\/v2\/pages\/1926\/revisions\/31680"}],"wp:attachment":[{"href":"https:\/\/rollupmaster.ee\/et\/wp-json\/wp\/v2\/media?parent=1926"}],"curies":[{"name":"wp","href":"https:\/\/api.w.org\/{rel}","templated":true}]}}