{"id":1929,"date":"2022-11-08T11:31:50","date_gmt":"2022-11-08T08:31:50","guid":{"rendered":"https:\/\/rollupmaster.ee\/maksevoimalused\/"},"modified":"2026-02-06T22:32:46","modified_gmt":"2026-02-06T19:32:46","slug":"maksevoimalused","status":"publish","type":"page","link":"https:\/\/rollupmaster.ee\/et\/maksevoimalused\/","title":{"rendered":"Maksev\u00f5imalused"},"content":{"rendered":"<p>[et_pb_section fb_built=&#8221;1&#8243; module_id=&#8221;natural-block&#8221; _builder_version=&#8221;4.27.5&#8243; _module_preset=&#8221;default&#8221; custom_margin=&#8221;0px||0px||false|false&#8221; custom_padding=&#8221;0px||0px|||&#8221; locked=&#8221;off&#8221; global_colors_info=&#8221;{}&#8221;][et_pb_row use_custom_gutter=&#8221;on&#8221; gutter_width=&#8221;1&#8243; make_equal=&#8221;on&#8221; _builder_version=&#8221;4.27.5&#8243; _module_preset=&#8221;default&#8221; custom_margin=&#8221;25px|auto|0px|auto|false|false&#8221; custom_padding=&#8221;0px||0px|||&#8221; global_colors_info=&#8221;{}&#8221;][et_pb_column type=&#8221;4_4&#8243; _builder_version=&#8221;4.16&#8243; _module_preset=&#8221;default&#8221; global_colors_info=&#8221;{}&#8221;][et_pb_text _builder_version=&#8221;4.27.5&#8243; _module_preset=&#8221;default&#8221; header_3_font=&#8221;|300|||||||&#8221; header_3_font_size=&#8221;30px&#8221; custom_margin=&#8221;0px||0px||false|false&#8221; custom_padding=&#8221;0px||0px||false|false&#8221; global_colors_info=&#8221;{}&#8221;]<\/p>\n<h3>Maksmisviisid<\/h3>\n<p>[\/et_pb_text][et_pb_text _builder_version=&#8221;4.27.5&#8243; _module_preset=&#8221;default&#8221; text_font=&#8221;|300|||||||&#8221; text_text_color=&#8221;#000000&#8243; text_font_size=&#8221;14px&#8221; text_line_height=&#8221;1.6em&#8221; header_4_font_size=&#8221;25px&#8221; transform_translate=&#8221;119px|-32px&#8221; z_index=&#8221;0&#8243; custom_margin=&#8221;50px|||-115px|false|false&#8221; custom_padding=&#8221;0px|100px|0px|0px|false|false&#8221; hover_enabled=&#8221;0&#8243; global_colors_info=&#8221;{}&#8221; custom_padding_last_edited=&#8221;on|phone&#8221; sticky_enabled=&#8221;0&#8243; custom_padding_tablet=&#8221;0px|100px|0px|0px|false|false&#8221; custom_padding_phone=&#8221;0px|100px|0px|0px|false|false&#8221;]<\/p>\n<p>Meie veebisaidil pakume j\u00e4rgmisi makseviise:<\/p>\n<p><\/p>\n<p><strong>1. Panga\u00fclekanne<br \/><\/strong>Tellimuse eest saab tasuda meie pangakontole \u00fclekandega. P\u00e4rast tellimuse kinnitamist saadetakse teile arve koos tellimuse andmete ja meie pangakontoga.<br data-start=\"354\" data-end=\"357\" \/>Palun m\u00e4rkige maksekorraldusel tellimuse number.<br data-start=\"405\" data-end=\"408\" \/>Tellimus l\u00e4heb tootmisse alles p\u00e4rast t\u00e4ismakse laekumist.<\/p>\n<p><\/p>\n<p><strong>2. Internetipank (Montonio)<\/strong><br \/>Tellimuse eest saab tasuda oma panga internetipanga kaudu, kasutades Montonio makseteenust.<\/p>\n<p><\/p>\n<p><strong>3. Krediit- \/ deebetkaart<\/strong><br \/>Aktsepteerime Visa, MasterCard ja muid toetatud kaarte.<\/p>\n<p><\/p>\n<p data-start=\"764\" data-end=\"965\">K\u00f5ik maksed toimuvad eurodes (EUR). K\u00f5ik pangatasud v\u00f5i makses\u00fcsteemi teenustasud kannab klient. Me ei vastuta makse hilinemise eest, mis on tingitud pankadest v\u00f5i makseteenuse pakkujatest.<\/p>\n<p><\/p>\n<p data-start=\"967\" data-end=\"1205\">Makseks vajalike andmete t\u00f6\u00f6tlemine toimub GDPR artikli 6 l\u00f5ike 1 punkt b alusel (lepingu t\u00e4itmine). Lisainfot leiate vastava makseteenuse pakkuja privaatsuspoliitikast.<\/p>\n<p><\/p>\n<p>Kui teil tekib maksega probleeme, kirjutage meile aadressil <strong data-start=\"1276\" data-end=\"1300\"><a class=\"decorated-link cursor-pointer\" rel=\"noopener\" data-start=\"1278\" data-end=\"1298\">info@rollupmaster.ee<\/a><\/strong><\/p>\n<p><\/p>\n<p>&nbsp;<\/p>\n<p><\/p>\n<p>Makseteave uuendatud 29.01.2026.<\/p>\n<p><\/p>\n<p>&nbsp;<\/p>\n<p>[\/et_pb_text][\/et_pb_column][\/et_pb_row][\/et_pb_section]<\/p>\n","protected":false},"excerpt":{"rendered":"<p>MaksmisviisidMeie veebisaidil pakume j\u00e4rgmisi makseviise:1. Panga\u00fclekanneTellimuse eest saab tasuda meie pangakontole \u00fclekandega. P\u00e4rast tellimuse kinnitamist saadetakse teile arve koos tellimuse andmete ja meie pangakontoga.Palun m\u00e4rkige maksekorraldusel tellimuse number.Tellimus l\u00e4heb tootmisse alles p\u00e4rast t\u00e4ismakse laekumist.2. Internetipank (Montonio)Tellimuse eest saab tasuda oma panga internetipanga kaudu, kasutades Montonio makseteenust.3. Krediit- \/ deebetkaartAktsepteerime Visa, MasterCard ja muid toetatud kaarte.K\u00f5ik [&hellip;]<\/p>\n","protected":false},"author":2,"featured_media":0,"parent":0,"menu_order":0,"comment_status":"closed","ping_status":"open","template":"","meta":{"_et_pb_use_builder":"on","_et_pb_old_content":"","_et_gb_content_width":"","inline_featured_image":false,"footnotes":""},"class_list":["post-1929","page","type-page","status-publish","hentry"],"aioseo_notices":[],"_links":{"self":[{"href":"https:\/\/rollupmaster.ee\/et\/wp-json\/wp\/v2\/pages\/1929","targetHints":{"allow":["GET"]}}],"collection":[{"href":"https:\/\/rollupmaster.ee\/et\/wp-json\/wp\/v2\/pages"}],"about":[{"href":"https:\/\/rollupmaster.ee\/et\/wp-json\/wp\/v2\/types\/page"}],"author":[{"embeddable":true,"href":"https:\/\/rollupmaster.ee\/et\/wp-json\/wp\/v2\/users\/2"}],"replies":[{"embeddable":true,"href":"https:\/\/rollupmaster.ee\/et\/wp-json\/wp\/v2\/comments?post=1929"}],"version-history":[{"count":13,"href":"https:\/\/rollupmaster.ee\/et\/wp-json\/wp\/v2\/pages\/1929\/revisions"}],"predecessor-version":[{"id":31448,"href":"https:\/\/rollupmaster.ee\/et\/wp-json\/wp\/v2\/pages\/1929\/revisions\/31448"}],"wp:attachment":[{"href":"https:\/\/rollupmaster.ee\/et\/wp-json\/wp\/v2\/media?parent=1929"}],"curies":[{"name":"wp","href":"https:\/\/api.w.org\/{rel}","templated":true}]}}