{"id":1933,"date":"2022-11-08T11:43:00","date_gmt":"2022-11-08T08:43:00","guid":{"rendered":"https:\/\/rollupmaster.ee\/tarne\/"},"modified":"2026-02-09T13:07:26","modified_gmt":"2026-02-09T10:07:26","slug":"tarne","status":"publish","type":"page","link":"https:\/\/rollupmaster.ee\/et\/tarne\/","title":{"rendered":"Tarne"},"content":{"rendered":"<p>[et_pb_section fb_built=&#8221;1&#8243; module_id=&#8221;natural-block&#8221; _builder_version=&#8221;4.27.5&#8243; _module_preset=&#8221;default&#8221; custom_margin=&#8221;0px||0px||false|false&#8221; custom_padding=&#8221;0px||0px|||&#8221; global_colors_info=&#8221;{}&#8221;][et_pb_row use_custom_gutter=&#8221;on&#8221; gutter_width=&#8221;1&#8243; make_equal=&#8221;on&#8221; _builder_version=&#8221;4.27.5&#8243; _module_preset=&#8221;default&#8221; custom_margin=&#8221;25px|auto|0px|auto|false|false&#8221; custom_padding=&#8221;0px||0px|||&#8221; global_colors_info=&#8221;{}&#8221;][et_pb_column type=&#8221;4_4&#8243; _builder_version=&#8221;4.16&#8243; _module_preset=&#8221;default&#8221; global_colors_info=&#8221;{}&#8221;][et_pb_text _builder_version=&#8221;4.27.5&#8243; _module_preset=&#8221;default&#8221; header_3_font=&#8221;|300|||||||&#8221; header_3_font_size=&#8221;30px&#8221; custom_margin=&#8221;0px||0px||false|false&#8221; custom_padding=&#8221;0px||0px||false|false&#8221; global_colors_info=&#8221;{}&#8221;]<\/p>\n<h3>Tarne<\/h3>\n<p>[\/et_pb_text][et_pb_text _builder_version=&#8221;4.27.5&#8243; _module_preset=&#8221;default&#8221; text_font=&#8221;|300|||||||&#8221; text_text_color=&#8221;#000000&#8243; text_font_size=&#8221;14px&#8221; text_line_height=&#8221;1.6em&#8221; header_4_font_size=&#8221;25px&#8221; transform_translate=&#8221;119px|-32px&#8221; z_index=&#8221;0&#8243; custom_margin=&#8221;50px|||-115px|false|false&#8221; custom_padding=&#8221;0px|100px|0px|0px|false|false&#8221; custom_padding_tablet=&#8221;0px|100px|0px|0px|false|false&#8221; custom_padding_phone=&#8221;0px|100px|0px|0px|false|false&#8221; custom_padding_last_edited=&#8221;on|phone&#8221; hover_enabled=&#8221;0&#8243; global_colors_info=&#8221;{}&#8221; sticky_enabled=&#8221;0&#8243;]<\/p>\n<p><strong>Tarnekulud<\/strong><br \/><span>Praegu tarnime \u00fcle Eesti ja paljudesse Euroopa riikidesse.<\/span><\/p>\n<p><span>Tarnekulu s\u00f5ltub aadressist ja tarneviisist.<br \/><\/span><\/p>\n<p><span>Tarne k\u00f5ikidesse Tallinna piirkondadesse, samuti Viimsisse, Maardusse ja Peetrisse on fikseeritud hinnaga <span style=\"color: #d23928;\"><strong>\u20ac9 (+KM)<\/strong>.<\/span><\/span><\/p>\n<p><span>Tarne teistesse Eesti linnadesse toimub Cargobus&#8217;i kaudu ja maksab <span style=\"color: #d23928;\"><strong>\u20ac25 (+KM)<\/strong>.<\/span> Mitme roll-up&#8217;i tellimisel v\u00f5ib hind olla k\u00f5rgem ja selle arvutab meie juht.<\/span><\/p>\n<p><span><\/span><span>Tarne v\u00e4ljaspool Eesti Vabariiki toimub DPD kulleriga ja s\u00f5ltub sihtriigist. Tellimuse esitamisel sisestage lihtsalt tarneaadress, et n\u00e4ha l\u00f5plikku hinda. Mitme roll-up&#8217;i tellimisel v\u00f5ib hind olla k\u00f5rgem ja selle arvutab meie juht.<\/span><\/p>\n<p><strong><\/strong><\/p>\n<p><strong>Tarneajad<\/strong><br \/>K\u00f5iki tellimusi t\u00f6\u00f6deldakse p\u00e4rast<strong> <span style=\"color: #d23928;\">100% makse<\/span><\/strong> laekumist.<\/p>\n<p>Tellimusi t\u00f6\u00f6deldakse 24 tunni jooksul, kui disainipaigutus on valmis ja toode on laos.<\/p>\n<p>Tavaliselt anname tellimused tarneettev\u00f5ttele \u00fcle j\u00e4rgmisel t\u00f6\u00f6p\u00e4eval (esmasp\u00e4evast reedeni).<\/p>\n<p>Tarneajad s\u00f5ltuvad aadressist ja tarneettev\u00f5ttest:<br \/><span><span style=\"color: #d23928;\"><\/span><\/span><\/p>\n<ul>\n<li data-start=\"1114\" data-end=\"1174\"><strong><span style=\"color: #d23928;\">1 t\u00f6\u00f6p\u00e4ev<\/span><\/strong> tarneks Tallinnas, Viimsis, Maardus ja Peetris;<br \/><span><span style=\"color: #d23928;\"><\/span><\/span><\/li>\n<li data-start=\"1114\" data-end=\"1174\"><strong><span style=\"color: #d23928;\">1-2 t\u00f6\u00f6p\u00e4eva<\/span><\/strong> tarneks teistesse Eesti linnadesse;<br \/><span><span style=\"color: #d23928;\"><\/span><\/span><\/li>\n<li data-start=\"1114\" data-end=\"1174\"><strong><span style=\"color: #d23928;\">2-10 t\u00f6\u00f6p\u00e4eva<\/span><\/strong> tarneks v\u00e4ljaspool Eestit.<\/li>\n<\/ul>\n<p data-start=\"1114\" data-end=\"1174\"><span>Tarne ei ole saadaval n\u00e4dalavahetustel ega riigip\u00fchadel. N\u00e4dalavahetustel v\u00f5i riigip\u00fchadel esitatud tellimusi t\u00f6\u00f6deldakse ja saadetakse v\u00e4lja j\u00e4rgmisel t\u00f6\u00f6p\u00e4eval.<\/span><\/p>\n<p data-start=\"1114\" data-end=\"1174\"><span>Kui teil on tarne kohta k\u00fcsimusi, kirjutage meile lihtsalt aadressile <strong data-start=\"1594\" data-end=\"1618\"><a data-start=\"1596\" data-end=\"1616\" class=\"decorated-link cursor-pointer\" rel=\"noopener\">info@rollupmaster.ee<\/a><\/strong><\/span><\/p>\n<p>&nbsp;<\/p>\n<p><em><span style=\"font-size: 14px;\">Tarneinfo uuendatud 29. jaanuaril 2026.<\/span><\/em><\/p>\n<p>[\/et_pb_text][\/et_pb_column][\/et_pb_row][\/et_pb_section]<\/p>\n","protected":false},"excerpt":{"rendered":"<p>TarneTarnekuludPraegu tarnime \u00fcle Eesti ja paljudesse Euroopa riikidesse. Tarnekulu s\u00f5ltub aadressist ja tarneviisist. Tarne k\u00f5ikidesse Tallinna piirkondadesse, samuti Viimsisse, Maardusse ja Peetrisse on fikseeritud hinnaga \u20ac9 (+KM). Tarne teistesse Eesti linnadesse toimub Cargobus&#8217;i kaudu ja maksab \u20ac25 (+KM). Mitme roll-up&#8217;i tellimisel v\u00f5ib hind olla k\u00f5rgem ja selle arvutab meie juht. Tarne v\u00e4ljaspool Eesti Vabariiki toimub [&hellip;]<\/p>\n","protected":false},"author":2,"featured_media":0,"parent":0,"menu_order":0,"comment_status":"closed","ping_status":"open","template":"","meta":{"_et_pb_use_builder":"on","_et_pb_old_content":"","_et_gb_content_width":"","inline_featured_image":false,"footnotes":""},"class_list":["post-1933","page","type-page","status-publish","hentry"],"aioseo_notices":[],"_links":{"self":[{"href":"https:\/\/rollupmaster.ee\/et\/wp-json\/wp\/v2\/pages\/1933","targetHints":{"allow":["GET"]}}],"collection":[{"href":"https:\/\/rollupmaster.ee\/et\/wp-json\/wp\/v2\/pages"}],"about":[{"href":"https:\/\/rollupmaster.ee\/et\/wp-json\/wp\/v2\/types\/page"}],"author":[{"embeddable":true,"href":"https:\/\/rollupmaster.ee\/et\/wp-json\/wp\/v2\/users\/2"}],"replies":[{"embeddable":true,"href":"https:\/\/rollupmaster.ee\/et\/wp-json\/wp\/v2\/comments?post=1933"}],"version-history":[{"count":22,"href":"https:\/\/rollupmaster.ee\/et\/wp-json\/wp\/v2\/pages\/1933\/revisions"}],"predecessor-version":[{"id":31555,"href":"https:\/\/rollupmaster.ee\/et\/wp-json\/wp\/v2\/pages\/1933\/revisions\/31555"}],"wp:attachment":[{"href":"https:\/\/rollupmaster.ee\/et\/wp-json\/wp\/v2\/media?parent=1933"}],"curies":[{"name":"wp","href":"https:\/\/api.w.org\/{rel}","templated":true}]}}