{"id":31482,"date":"2026-02-07T01:11:40","date_gmt":"2026-02-06T22:11:40","guid":{"rendered":"https:\/\/rollupmaster.ee\/kasutustingimused\/"},"modified":"2026-02-07T01:11:41","modified_gmt":"2026-02-06T22:11:41","slug":"kasutustingimused","status":"publish","type":"page","link":"https:\/\/rollupmaster.ee\/et\/kasutustingimused\/","title":{"rendered":"Kasutustingimused"},"content":{"rendered":"<p>[et_pb_section fb_built=&#8221;1&#8243; module_id=&#8221;natural-block&#8221; _builder_version=&#8221;4.16&#8243; _module_preset=&#8221;default&#8221; custom_padding=&#8221;0px||0px||true|&#8221; global_colors_info=&#8221;{}&#8221;][et_pb_row _builder_version=&#8221;4.27.5&#8243; _module_preset=&#8221;default&#8221; custom_padding=&#8221;||0px|||&#8221; global_colors_info=&#8221;{}&#8221;][et_pb_column type=&#8221;4_4&#8243; _builder_version=&#8221;4.16&#8243; _module_preset=&#8221;default&#8221; global_colors_info=&#8221;{}&#8221;][et_pb_text _builder_version=&#8221;4.27.5&#8243; _module_preset=&#8221;default&#8221; header_3_font=&#8221;|300|||||||&#8221; header_3_font_size=&#8221;30px&#8221; global_colors_info=&#8221;{}&#8221;]<\/p>\n<h3>\u00dcldtingimused<\/h3>\n<p>[\/et_pb_text][et_pb_text _builder_version=&#8221;4.27.5&#8243; _module_preset=&#8221;default&#8221; text_font=&#8221;|300|||||||&#8221; text_text_color=&#8221;#000000&#8243; text_font_size=&#8221;14px&#8221; text_line_height=&#8221;1.6em&#8221; header_text_align=&#8221;left&#8221; header_3_font=&#8221;|300|||||||&#8221; header_3_font_size=&#8221;30px&#8221; header_4_font=&#8221;|300|||||||&#8221; header_4_font_size=&#8221;30px&#8221; transform_translate=&#8221;119px|-32px&#8221; z_index=&#8221;0&#8243; module_alignment=&#8221;left&#8221; custom_margin=&#8221;50px||0px|-117px|false|false&#8221; custom_padding=&#8221;|100px|0px|0px|false|false&#8221; custom_padding_tablet=&#8221;|100px|0px|0px|false|false&#8221; custom_padding_phone=&#8221;|100px|0px|0px|false|false&#8221; custom_padding_last_edited=&#8221;on|phone&#8221; header_4_font_size_tablet=&#8221;30px&#8221; header_4_font_size_phone=&#8221;24px&#8221; header_4_font_size_last_edited=&#8221;on|phone&#8221; global_colors_info=&#8221;{}&#8221;]<\/p>\n<h4>1. \u00dclds\u00e4tted<\/h4>\n<div>\n<div>\n<p class=\"p\"><span>1.1. K\u00e4esolevad \u00fcldtingimused (edaspidi \u2013 \u201eTingimused\u201c) reguleerivad k\u00f5iki m\u00fc\u00fcgilepinguid, mis on s\u00f5lmitud ostja, kes tegutseb oma ettev\u00f5tlus- v\u00f5i kutsetegevuse raames, ja m\u00fc\u00fcja PARALLEL IDEAS O\u00dc vahel, kes tegutseb kaubam\u00e4rgi Rollup Master all veebisaidi kaudu  <\/span><span><a href=\"http:\/\/www.rollupmaster.ee\/\"><span class=\"15\">www.rollupmaster.ee<\/span><\/a><\/span><span>.<\/span><span><br \/><\/span><span>1.2. Ostja enda tingimuste kohaldamine on v\u00e4listatud, v\u00e4lja arvatud juhul, kui kirjalikult on kokku lepitud teisiti.<\/span><\/p>\n<p class=\"p\"><span><\/span><\/p>\n<p class=\"p\"><span><\/span><\/p>\n<\/div>\n<\/div>\n<div>\n<h4>2. Lepingu ese<span><o:p><\/o:p><\/span><\/h4>\n<\/div>\n<div>\n<p class=\"p\"><span>2.1. Lepingu esemeks on reklaamstendide ja tarvikute m\u00fc\u00fck, samuti b\u00e4nnerikujunduste loomise teenused.<\/span><span><br \/><\/span><span>2.2. M\u00fc\u00fcja kaubad ja teenused valmistatakse \u00fcldjuhul vastavalt ostja individuaalsele tellimusele ostja esitatud v\u00f5i heaks kiidetud kujunduste alusel.<br \/><\/span>2.3. Veebisaidil kuvatakse kaupu vastavalt erinevatele kriteeriumidele, sealhulgas asjakohasus, populaarsus, uudsus, saadavus ja hind. Tasulisi reklaame v\u00f5i prioriteetseid positsioone ei rakendata. Kui selline v\u00f5imalus kasutusele v\u00f5etakse, t\u00e4psustatakse selle kasutustingimused eraldi.  <\/p>\n<p class=\"p\">\n<\/div>\n<div>\n<h4>3. Lepingu s\u00f5lmimine<span><o:p><\/o:p><\/span><\/h4>\n<\/div>\n<div>\n<p class=\"p\"><span>3.1. Tellimus esitatakse veebip\u00f5hise ostukorvi kaudu: valitud kaubad lisatakse \u201eOstukorvi\u201c, sisestatakse kontaktandmed ning valitakse makse- ja tarneviis.<\/span><span><br \/><\/span><span>3.2. Lepingu s\u00f5lmimise tehnilised etapid h\u00f5lmavad kaupade valimist, nende lisamist ostukorvi, ostja andmete sisestamist, makse- ja tarneviisi valimist ning tellimuse kinnitamist nupule \u201eTelli maksekohustusega\u201c kl\u00f5psates. Enne nupule kl\u00f5psamist saab ostja andmeid brauseri funktsioonide v\u00f5i \u201etagasi\u201c nupu abil \u00fcle vaadata ja parandada. <\/span><span><br \/><\/span><span>3.3. Nupule \u201eTelli maksekohustusega\u201c \/ \u201eOsta\u201c kl\u00f5psamine kujutab endast \u00f5iguslikult siduvat pakkumist lepingu s\u00f5lmimiseks.<\/span><span><br \/><\/span><span>3.4. P\u00e4rast tellimuse esitamist saab ostja e-posti teel automaatse kinnituse koos tellimuse \u00fcksikasjadega.<\/span><span><br \/><\/span><span>3.5. Leping ja sellega seotud dokumendid v\u00f5ivad olla esitatud eesti, vene ja inglise keeles. Kliendi poolt tellimuse esitamisel valitud keeleversioon kehtib asjaomaste dokumentide kohta. <\/span><span><br \/><\/span><span>Keeleversioonide lahknevuste korral p\u00fc\u00fcavad pooled need lahendada vastastikusel kokkuleppel.<\/span><span><br \/><\/span><span>3.6. M\u00fc\u00fcja ei s\u00e4ilita lepingu teksti ostja hilisemaks juurdep\u00e4\u00e4suks. Enne tellimuse esitamist v\u00f5ib ostja printida v\u00f5i salvestada oma seadmesse kogu tellimuse kohta k\u00e4iva teabe, sealhulgas k\u00e4esolevad Tingimused. P\u00e4rast tellimuse esitamist saab ostja e-posti teel elektroonilise kinnituse, mis sisaldab lepingu p\u00f5hiandmeid.  <\/span><span><br \/><\/span><span>3.7. Ostja on kohustatud esitama t\u00e4psed kontaktandmed (nimi, ettev\u00f5tte nimi, aadress, e-post, telefon). M\u00fc\u00fcja ei vastuta viivituste v\u00f5i tarne v\u00f5imatuse eest, mis on tingitud andmete ebat\u00e4psustest. <\/span><span><br \/><\/span><span>3.8. Leping loetakse t\u00e4idetuks p\u00e4rast seda, kui tasutud ja v\u00e4ljasaadetud kaubad on \u00fcle antud ostjale v\u00f5i tarneettev\u00f5tte volitatud esindajale.<\/span><\/p>\n<p><span><o:p><\/o:p><\/span><\/p>\n<p class=\"p\"><span><\/span><\/p>\n<\/div>\n<h4>4. Hinnad ja makseprotseduur<\/h4>\n<p>4.1. K\u00f5ik hinnad on m\u00e4rgitud eurodes, ilma k\u00e4ibemaksuta, v\u00e4lja arvatud juhul, kui on selges\u00f5naliselt teisiti m\u00e4rgitud.<br \/>4.2. Tarnekulud on tellimuse esitamisel eraldi m\u00e4rgitud.<br \/>4.3. Makse tehakse ettemaksuna j\u00e4rgmiste meetoditega: panga\u00fclekanne, internetipank (Montonio), makse krediit-\/deebetkaardiga.<br \/>4.4. Tellimus loetakse vastu v\u00f5etuks p\u00e4rast makse laekumist m\u00fc\u00fcja kontole.<br \/>4.5. Makse tegemata j\u00e4tmine 7 p\u00e4eva jooksul vabastab m\u00fc\u00fcja t\u00e4itmiskohustusest; tellimus t\u00fchistatakse.<br \/>4.6. P\u00e4rast tootmise algust v\u00f5i tellimuse \u00fcleandmist tarneettev\u00f5ttele ei ole tellimuse t\u00fchistamine ega muutmine v\u00f5imalik, v\u00e4lja arvatud juhul, kui kirjalikult on kokku lepitud teisiti.     <\/p>\n<div>\n<h4>5. T\u00e4itmise ja tarne tingimused<span><o:p><\/o:p><\/span><\/h4>\n<\/div>\n<div>\n<p class=\"p\"><span>5.1. Tellimus t\u00e4idetakse p\u00e4rast t\u00e4ieliku makse laekumist.<\/span><span><br \/><\/span><span>5.2. P\u00e4rast makse laekumist edastatakse tellimus t\u00f6\u00f6tlemiseks. Tellimuse t\u00f6\u00f6tlemine toimub 24 tunni jooksul, kui valmis kujundus on olemas ja kaup on laos. <\/span><span><br \/><\/span><span>5.3. P\u00e4rast tootmist anname tellimuse tarneettev\u00f5ttele \u00fcle j\u00e4rgmisel t\u00f6\u00f6p\u00e4eval (esmasp\u00e4evast reedeni). Tarneajad s\u00f5ltuvad tarneaadressist ja j\u00e4\u00e4vad vahemikku 1 kuni 10 t\u00f6\u00f6p\u00e4eva. <\/span><span><br \/><\/span><span>5.4. Kauba juhusliku kaotsimineku v\u00f5i kahjustumise risk l\u00e4heb ostjale \u00fcle hetkest, mil kaup antakse vedajale \u00fcle.<br \/><\/span>5.5. Kui teatud materjalid ei ole saadaval, on m\u00fc\u00fcjal \u00f5igus asendada need sarnase kvaliteedi ja v\u00e4limusega materjalidega.<br \/>5.6. Kui tellimust ei ole v\u00f5imalik t\u00e4ita m\u00fc\u00fcjast s\u00f5ltumatutel p\u00f5hjustel (kaupade puudumine laos, tarneh\u00e4ired jne), teavitab m\u00fc\u00fcja ostjat ja tagastab makse t\u00e4ies ulatuses.<br \/>5.7. Korduvtarne ostja s\u00fc\u00fc t\u00f5ttu (vale aadress, kohale ilmumata j\u00e4tmine) tasub ostja lisaks.  <\/p>\n<\/div>\n<p>&nbsp;<\/p>\n<div>\n<h4>6. Omandi\u00f5igus<span><o:p><\/o:p><\/span><\/h4>\n<\/div>\n<div>\n<p class=\"p\"><span>6.1. Kuni t\u00e4ieliku makse tegemiseni j\u00e4\u00e4b kaup m\u00fc\u00fcja omandiks.<\/span><span><br \/><\/span><span>6.2. Kauba tagastamise korral k\u00e4esolevates Tingimustes s\u00e4testatud alustel kannab kauba juhusliku kaotsimineku riski ostja kuni hetkeni, mil m\u00fc\u00fcja kauba k\u00e4tte saab.<\/span><\/p>\n<p class=\"p\"><span><\/span><\/p>\n<h4>7. Tagastamis\u00f5igus<\/h4>\n<p><p7.1. the=\"\" buyer=\"\" has=\"\" no=\"\" right=\"\" to=\"\" withdraw=\"\" from=\"\" contract=\"\" and=\"\" return=\"\" goods=\"\" if=\"\" are=\"\" manufactured=\"\" according=\"\" an=\"\" individual=\"\" order=\"\" including=\"\" on=\"\" basis=\"\" of=\"\" a=\"\" provided=\"\" or=\"\" approved=\"\" layout=\"\" br=\"\">  7.2. Kaupade tagastamine on v\u00f5imalik eranditult j\u00e4rgmistel juhtudel:<br \/>\u2013 oluline puudus, mis on tekkinud m\u00fc\u00fcja s\u00fc\u00fc t\u00f5ttu;<br \/>\u2013 konstruktsiooniviga v\u00f5i kauba kahjustus tarne k\u00e4igus.<br \/>7.3. M\u00fc\u00fcjal on \u00f5igus oma \u00e4ran\u00e4gemise j\u00e4rgi puudus k\u00f5rvaldada, kaup asendada v\u00f5i tasutud summa tagastada.<br \/>7.4. Kujundusteenuste eest raha tagasi ei maksta, kui need on teostatud v\u00f5i alustatud.  <\/p7.1.><\/p>\n<p>&nbsp;<\/p>\n<div>\n<h4>8. Garantii ja pretensioonid<span><o:p><\/o:p><\/span><\/h4>\n<\/div>\n<div>\n<p class=\"p\"><span>8.1. M\u00fc\u00fcja annab k\u00f5ikidele b\u00e4nneritele kvaliteedigarantii, kinnitades, et need vastavad kokkulepitud omadustele, on ette n\u00e4htud tavap\u00e4raseks kasutamiseks ja neil ei ole varjatud puudusi, mis on tekkinud m\u00fc\u00fcja s\u00fc\u00fc t\u00f5ttu v\u00f5i tootmisprotsessis.<\/span><span><br \/><\/span><span>8.2. Ostja on kohustatud kauba vastuv\u00f5tmisel \u00fcle vaatama ja puudustest teatama 7 p\u00e4eva jooksul. P\u00e4rast nimetatud t\u00e4htaja m\u00f6\u00f6dumist loetakse kaup vastu v\u00f5etuks ilma m\u00e4rkusteta. <\/span><span><br \/><\/span><span>8.3. Kinnitatud puuduse korral on m\u00fc\u00fcjal \u00f5igus see k\u00f5rvaldada ja kaup uuesti tarnida v\u00f5i asendada.<\/span><span><br \/><\/span><span>8.4. Pretensioone ei aktsepteerita, kui puudused on p\u00f5hjustatud eba\u00f5igest ladustamisest v\u00f5i v\u00e4listest m\u00f5judest.<\/span><span><br \/><\/span><span>8.5. Ostja aktsepteerib v\u00f5imalike v\u00e4rvi-, tooni- ja tr\u00fckikvaliteedi erinevuste riski, mis on tingitud materjalide, seadmete ja esitatud failide omadustest.<\/span><span><br \/><\/span><span>8.6. Kui tarne ei toimunud ostja s\u00fc\u00fc t\u00f5ttu (vale aadress, keeldumine vastu v\u00f5tmast), on m\u00fc\u00fcjal \u00f5igus sisse n\u00f5uda tegelikult tekkinud tarne- ja tagastamiskulud.<\/span><span><o:p><\/o:p><\/span><\/p>\n<p class=\"p\"><span><\/span><\/p>\n<p class=\"p\"><span><\/span><\/p>\n<\/div>\n<div>\n<h4>9. Intellektuaalomand ja disain<span><o:p><\/o:p><\/span><\/h4>\n<\/div>\n<div>\n<p class=\"p\"><span>9.1. Ostja garanteerib, et k\u00f5ik esitatud materjalid (logod, pildid, tekstid, fondid ja muud elemendid) ei riku kolmandate isikute \u00f5igusi.<\/span><span><br \/><\/span><span>9.2. M\u00fc\u00fcja ei vastuta ostja esitatud v\u00f5i heaks kiidetud materjalides esinevate \u00f5igekirja-, stiili- v\u00f5i semantiliste vigade eest.<br \/><\/span>9.3. Ostja kannab t\u00e4ielikku vastutust k\u00f5igi kolmandate isikute n\u00f5uete eest, mis on seotud esitatud materjalide kasutamisega, ja kohustub h\u00fcvitama m\u00fc\u00fcjale k\u00f5ik kahjud, kulud ja trahvid.<br \/>9.4. Kujunduse heakskiitmine ostja poolt t\u00e4hendab t\u00e4ielikku n\u00f5usolekut selle sisu, kvaliteedi ja tehniliste parameetritega. P\u00e4rast kujunduse heakskiitmist ei aktsepteerita selle sisuga seotud pretensioone.<br \/>9.5. Loodud kujunduse ainu\u00f5igused l\u00e4hevad ostjale \u00fcle alles p\u00e4rast tellimuse t\u00e4ielikku tasumist, v\u00e4lja arvatud juhul, kui kirjalikult on kokku lepitud teisiti.<br \/>9.6. M\u00fc\u00fcja j\u00e4tab endale \u00f5iguse kasutada valminud t\u00f6id oma portfoolios, turundusmaterjalides ja veebisaidil, v\u00e4lja arvatud juhul, kui ostja on sellele kirjalikult vastu vaielnud.<br \/>9.7. M\u00fc\u00fcjal on \u00f5igus keelduda tellimuse t\u00e4itmisest, kui materjalide sisu rikub seadust, kolmandate isikute \u00f5igusi v\u00f5i \u00e4rieetika norme.     <\/p>\n<p class=\"p\">\n<\/div>\n<div>\n<h4>10. Vastutuse piiramine<span><o:p><\/o:p><\/span><\/h4>\n<\/div>\n<div>\n<p class=\"p\"><span>10.1. M\u00fc\u00fcja vastutus piirdub tahtluse ja raske hooletuse juhtudega.<\/span><span><br \/><\/span><span>10.2. Oluliste kohustuste rikkumise korral piirdub vastutus t\u00fc\u00fcpiliste etten\u00e4htavate kahjudega.<\/span><span><br \/><\/span><span>10.3. M\u00fc\u00fcja koguvastutus ostja mis tahes n\u00f5uete eest on piiratud ostja poolt asjaomase tellimuse eest tasutud summaga.<br \/><\/span>10.4. M\u00fc\u00fcja ei vastuta ajutiste tehniliste rikete v\u00f5i veebisaidi k\u00e4ttesaamatuse eest.<br \/>10.5. M\u00fc\u00fcja p\u00fc\u00fcab tagada veebipoe katkestusteta toimimise, kuid ei garanteeri veebisaidi pidevat ja katkematut k\u00e4ttesaadavust. Ajutised toimimispiirangud, mis on seotud tehnilise hoolduse, uuenduste v\u00f5i serverite ja side\u00fchenduste ootamatute rikketega, ei loeta kohustuste rikkumiseks. M\u00fc\u00fcja ei vastuta ajutiste katkestuste, tellimuste t\u00f6\u00f6tlemise viivituste ega andmete kadumise eest, mis on p\u00f5hjustatud tehnilistest p\u00f5hjustest, kui need on temast s\u00f5ltumatud.   <\/p>\n<p class=\"p\">\n<\/div>\n<div>\n<h4>11. V\u00e4\u00e4ramatu j\u00f5ud<span><o:p><\/o:p><\/span><\/h4>\n<\/div>\n<div>\n<p class=\"p\"><span>11.1. M\u00fc\u00fcja vabaneb vastutusest viivituste v\u00f5i t\u00e4itmise v\u00f5imatuse eest, mis on tingitud temast s\u00f5ltumatutest asjaoludest (looduskatastroofid, s\u00f5da, pandeemia, tarneh\u00e4ired jne).<\/span><span><br \/><\/span><span>11.2. Kui sellised asjaolud kestavad \u00fcle 30 p\u00e4eva, on m\u00fc\u00fcjal \u00f5igus leping l\u00f5petada ja makse tagastada ilma ostja lisakulude h\u00fcvitamiseta.<\/span><\/p>\n<p>&nbsp;<\/p>\n<p class=\"p\"><span><\/span><\/p>\n<\/div>\n<div>\n<h4>12. Konfidentsiaalsus ja andmekaitse<span><o:p><\/o:p><\/span><\/h4>\n<\/div>\n<div>\n<p class=\"p\"><span>12.1. M\u00fc\u00fcjal on juurdep\u00e4\u00e4s ostjate poolt tellimuste esitamisel esitatud andmetele eranditult lepingu t\u00e4itmiseks ja kehtiva andmekaitsealase \u00f5igusloome raames. Andmeid ei edastata kolmandatele isikutele, v\u00e4lja arvatud makses\u00fcsteemidele ja tarneettev\u00f5tetele, mis on vajalikud tellimuse t\u00e4itmiseks. Isikuandmete t\u00f6\u00f6tlemise \u00fcksikasjalikud tingimused on s\u00e4testatud m\u00fc\u00fcja veebisaidil avaldatud privaatsuspoliitikas.  <br \/><\/span>12.2. S\u00e4ilitamist\u00e4htaeg \u2013 kuni lepingu t\u00e4itmiseni ja seej\u00e4rel 7 aastat vastavalt maksualastele \u00f5igusaktidele.<br \/>12.3. K\u00fcpsiste ja anal\u00fc\u00fctika kasutamist reguleerivad eraldi tingimused m\u00fc\u00fcja veebisaidil.<br \/>12.4. Andmekaitse k\u00fcsimustes v\u00f5tke \u00fchendust: <a href=\"mailto:info@rollupmaster.ee\">info@rollupmaster.ee<\/a>.  <\/p>\n<p class=\"p\">\n<\/div>\n<div>\n<h4>13. Kohaldatav \u00f5igus ja jurisdiktsioon<span><o:p><\/o:p><\/span><\/h4>\n<\/div>\n<div>\n<p class=\"p\"><span>13.1. K\u00e4esolevatele lepingutingimustele kohaldatakse Eesti Vabariigi \u00f5igust.<\/span><span><br \/><\/span><span>13.2. Ettev\u00f5tjate puhul on lepingu t\u00e4itmise koht ja jurisdiktsioon m\u00fc\u00fcja asukohas.<\/span><span><br \/><\/span><span>13.3. Ostja n\u00f5ustub Eesti Vabariigi kohtute ainu\u00f5igusliku jurisdiktsiooniga, v\u00e4lja arvatud juhul, kui rahvusvahelise \u00f5iguse kohustuslikud normid s\u00e4testavad teisiti.<\/span><span><br \/><\/span><span>13.4. Rollupmaster.ee pakub v\u00f5imalust esitada kaebusi elektrooniliselt aadressil info@rollupmaster.ee. Kaebusi k\u00e4sitletakse 15 t\u00f6\u00f6p\u00e4eva jooksul. Vaidluse korral p\u00fc\u00fcab m\u00fc\u00fcja selle lahendada l\u00e4bir\u00e4\u00e4kimiste teel ja vajadusel on valmis kaaluma p\u00f6\u00f6rdumist vahendaja poole.  <\/span><span><br \/><\/span><span>13.5. K\u00e4esolevad Tingimused kehtivad vastavalt Eesti Vabariigi \u00f5igusaktidele ja kohaldatavatele Euroopa Liidu \u00f5igusnormidele, mis reguleerivad kaubandussuhteid.<\/span><\/p>\n<p class=\"p\"><span><\/span><\/p>\n<p class=\"p\"><span><\/span><\/p>\n<\/div>\n<div>\n<h4>14. Muud s\u00e4tted<\/h4>\n<\/div>\n<div>\n<p class=\"p\"><span>14.1. M\u00fc\u00fcja j\u00e4tab endale \u00f5iguse teha tehnilisi muudatusi, tr\u00fckivigu ja vigu kirjeldustes ja hindades.<\/span><span><br \/><\/span><span>14.2. M\u00fc\u00fcjal on \u00f5igus tellimus t\u00fchistada hinna v\u00f5i kirjelduse ilmse tehnilise vea korral. Ostja saab teate ja raha tagasi. <\/span><span><br \/><\/span><span>14.3. V\u00e4ikesed disainimuudatused, mis ei m\u00f5juta toote funktsionaalsust, on v\u00f5imalikud.<\/span><span><br \/><\/span><span>14.4. Ostjal ei ole \u00f5igust loovutada oma \u00f5igusi ja kohustusi lepingu alusel ilma m\u00fc\u00fcja kirjaliku n\u00f5usolekuta.<br \/><\/span>14.5. K\u00f5ik e-posti teel ostja m\u00e4\u00e4ratud aadressile saadetud teated loetakse k\u00e4ttesaaduks saatmise p\u00e4eval.<br \/>14.6. M\u00fc\u00fcjal on \u00f5igus ajutiselt piirata v\u00f5i l\u00f5petada ostja tellimuste teenindamine, kui on p\u00f5hjendatud alust arvata, et tellimus on esitatud seadust rikkudes, sisaldab ebat\u00e4pseid andmeid v\u00f5i h\u00f5lmab maksevahendite kuritarvitamist. Enne koost\u00f6\u00f6 peatamist v\u00f5i l\u00f5petamist teavitab m\u00fc\u00fcja ostjat e-posti teel, m\u00e4rkides p\u00f5hjused ja andes v\u00f5imaluse selgituste esitamiseks, v\u00e4lja arvatud juhul, kui seadus seda keelab.<br \/>14.7. E-posti teel toimuv kirjavahetus loetakse samav\u00e4\u00e4rseks kirjaliku vormiga, v\u00e4lja arvatud juhul, kui seadus n\u00f5uab teisiti. Ostja m\u00e4\u00e4ratud aadressile saadetud elektroonilised teated loetakse k\u00e4ttesaaduks saatmise p\u00e4eval, v\u00e4lja arvatud juhul, kui t\u00f5endatakse vastupidist.<br \/>14.8. M\u00fc\u00fcja ei vastuta kolmandate isikute veebisaitide sisu eest, kuhu viivad lingid veebisaidilt <a href=\"http:\/\/www.rollupmaster.ee\/\"><span class=\"15\">www.rollupmaster.ee<\/span><\/a>. Linkide paigutamise ajal kontrolliti neid seaduserikkumiste osas; sisu hilisemat j\u00e4lgimist ei teostata ilma konkreetsete p\u00f5hjusteta.<br \/>14.9. M\u00fc\u00fcja ei vastuta andmesisestuse vigade v\u00f5i tellimuse edastamise t\u00f5rgete eest, mis on p\u00f5hjustatud ostja interneti\u00fchenduse, brauseri v\u00f5i seadme talitlush\u00e4iretest. Ostja on kohustatud tagama, et tema andmed on sisestatud \u00f5igesti ja et s\u00fcsteem on tellimuse kinnitanud.<br \/>14.10. M\u00fc\u00fcjal on \u00f5igus k\u00e4esolevaid Tingimusi muuta, et viia need vastavusse \u00f5igusaktide v\u00f5i \u00e4riprotsessidega. Uus versioon avaldatakse veebisaidil ja see kehtib p\u00e4rast selle j\u00f5ustumist esitatud tellimuste kohta. Kui m\u00f5ni s\u00e4te tunnistatakse kehtetuks, j\u00e4\u00e4vad \u00fclej\u00e4\u00e4nud tingimused kehtima.<br \/>14.11. M\u00fc\u00fcja teavitab kasutajaid k\u00e4esolevate Tingimuste muudatustest p\u00fcsival andmekandjal (n\u00e4iteks e-posti teel) hiljemalt 15 p\u00e4eva enne muudatuste j\u00f5ustumist. Kui muudatused n\u00f5uavad tehnilist v\u00f5i kaubanduslikku kohandamist, pikendatakse teavitamisperioodi m\u00f5istliku ajani, mis v\u00f5imaldab ostjal teha vajalikud muudatused. Ostjal on \u00f5igus leping enne muudatuste j\u00f5ustumist l\u00f5petada, saates kirjaliku teate.              <\/p>\n<p class=\"p\">\n<\/div>\n<div>\n<p class=\"p\"><em>K\u00e4esolevate tingimuste viimase uuendamise kuup\u00e4ev: 05.02.2026.<\/em><\/p>\n<\/div>\n<div>\n<p class=\"p\"><span><o:p> <\/o:p><\/span><\/p>\n<\/div>\n<\/div>\n<p>[\/et_pb_text][\/et_pb_column][\/et_pb_row][\/et_pb_section]<\/p>\n","protected":false},"excerpt":{"rendered":"<p>\u00dcldtingimused1. \u00dclds\u00e4tted 1.1. K\u00e4esolevad \u00fcldtingimused (edaspidi \u2013 \u201eTingimused\u201c) reguleerivad k\u00f5iki m\u00fc\u00fcgilepinguid, mis on s\u00f5lmitud ostja, kes tegutseb oma ettev\u00f5tlus- v\u00f5i kutsetegevuse raames, ja m\u00fc\u00fcja PARALLEL IDEAS O\u00dc vahel, kes tegutseb kaubam\u00e4rgi Rollup Master all veebisaidi kaudu www.rollupmaster.ee.1.2. Ostja enda tingimuste kohaldamine on v\u00e4listatud, v\u00e4lja arvatud juhul, kui kirjalikult on kokku lepitud teisiti. 2. Lepingu ese [&hellip;]<\/p>\n","protected":false},"author":5,"featured_media":0,"parent":0,"menu_order":0,"comment_status":"closed","ping_status":"closed","template":"","meta":{"_et_pb_use_builder":"on","_et_pb_old_content":"","_et_gb_content_width":"","inline_featured_image":false,"footnotes":""},"class_list":["post-31482","page","type-page","status-publish","hentry"],"aioseo_notices":[],"_links":{"self":[{"href":"https:\/\/rollupmaster.ee\/et\/wp-json\/wp\/v2\/pages\/31482","targetHints":{"allow":["GET"]}}],"collection":[{"href":"https:\/\/rollupmaster.ee\/et\/wp-json\/wp\/v2\/pages"}],"about":[{"href":"https:\/\/rollupmaster.ee\/et\/wp-json\/wp\/v2\/types\/page"}],"author":[{"embeddable":true,"href":"https:\/\/rollupmaster.ee\/et\/wp-json\/wp\/v2\/users\/5"}],"replies":[{"embeddable":true,"href":"https:\/\/rollupmaster.ee\/et\/wp-json\/wp\/v2\/comments?post=31482"}],"version-history":[{"count":2,"href":"https:\/\/rollupmaster.ee\/et\/wp-json\/wp\/v2\/pages\/31482\/revisions"}],"predecessor-version":[{"id":31484,"href":"https:\/\/rollupmaster.ee\/et\/wp-json\/wp\/v2\/pages\/31482\/revisions\/31484"}],"wp:attachment":[{"href":"https:\/\/rollupmaster.ee\/et\/wp-json\/wp\/v2\/media?parent=31482"}],"curies":[{"name":"wp","href":"https:\/\/api.w.org\/{rel}","templated":true}]}}